{"id":6,"date":"2020-03-15T16:14:59","date_gmt":"2020-03-15T16:14:59","guid":{"rendered":"http:\/\/krankentransporte-heigl.de\/?page_id=6"},"modified":"2025-12-16T09:50:07","modified_gmt":"2025-12-16T09:50:07","slug":"startseite","status":"publish","type":"page","link":"https:\/\/krankentransporte-heigl.de\/","title":{"rendered":"Startseite"},"content":{"rendered":"\n<h3 class=\"wp-block-heading\">Willkommen zum Mietwagen- und Krankentransportunternehmen Silvia Heigl<\/h3>\n\n\n\n<div style=\"height:7px\" aria-hidden=\"true\" class=\"wp-block-spacer\"><\/div>\n\n\n\n<h3 class=\"wp-block-heading\">Ihr zuverl\u00e4ssiger Partner f\u00fcr Krankentransporte und Mobilit\u00e4t<\/h3>\n\n\n\n<div style=\"height:28px\" aria-hidden=\"true\" class=\"wp-block-spacer\"><\/div>\n\n\n\n<p>Wir bringen Sie sicher an Ihr Ziel. <br>Unser Mietwagen- und Krankentransportservice ist darauf spezialisiert, Ihnen den Alltag zu erleichtern \u2013 professionell, p\u00fcnktlich und mit pers\u00f6nlicher Betreuung.<\/p>\n\n\n\n<div class=\"wp-block-media-text is-stacked-on-mobile\" style=\"grid-template-columns:37% auto\"><figure class=\"wp-block-media-text__media\"><img loading=\"lazy\" decoding=\"async\" width=\"1024\" height=\"486\" src=\"http:\/\/krankentransporte-heigl.de\/wp-content\/uploads\/2020\/03\/family-2654011_1280-1-1024x486.png\" alt=\"\" class=\"wp-image-26 size-full\" srcset=\"https:\/\/krankentransporte-heigl.de\/wp-content\/uploads\/2020\/03\/family-2654011_1280-1-1024x486.png 1024w, https:\/\/krankentransporte-heigl.de\/wp-content\/uploads\/2020\/03\/family-2654011_1280-1-300x142.png 300w, https:\/\/krankentransporte-heigl.de\/wp-content\/uploads\/2020\/03\/family-2654011_1280-1-768x364.png 768w, https:\/\/krankentransporte-heigl.de\/wp-content\/uploads\/2020\/03\/family-2654011_1280-1.png 1280w\" sizes=\"auto, (max-width: 1024px) 100vw, 1024px\" \/><\/figure><div class=\"wp-block-media-text__content\">\n<p class=\"has-text-align-right\">Wir bringen Sie sicher an Ihr Ziel.<br>Unser Mietwagen- und Krankentransportservice ist darauf spezialisiert, Ihnen den Alltag zu erleichtern<\/p>\n\n\n\n<p class=\"has-text-align-right\"><strong>\u2013 Professionell, p\u00fcnktlich und mit pers\u00f6nlicher Betreuung.<\/strong><\/p>\n<\/div><\/div>\n\n\n\n<div style=\"height:100px\" aria-hidden=\"true\" class=\"wp-block-spacer\"><\/div>\n\n\n\n<h3 class=\"wp-block-heading\"><strong>Unsere Schwerpunkte im \u00dcberblick:<\/strong><\/h3>\n\n\n\n<figure class=\"wp-block-table is-style-stripes has-medium-font-size\"><table><tbody><tr><td class=\"has-text-align-center\" data-align=\"center\"><strong>Medizinische Fahrten<\/strong><\/td><td><\/td><td>Zuverl\u00e4ssige Bef\u00f6rderung zu Dialysen, Bestrahlungen, Chemotherapien oder regul\u00e4ren Arztterminen.<\/td><\/tr><tr><td class=\"has-text-align-center\" data-align=\"center\"><strong>Barrierefreier Transport<\/strong><\/td><td><\/td><td>Dank unseres spezialisierten Fuhrparks bef\u00f6rdern wir Sie komfortabel direkt im Rollstuhl \u2013 ohne m\u00fchsames Umsteigen.<\/td><\/tr><tr><td class=\"has-text-align-center\" data-align=\"center\"><strong>Direkte Abrechnung<\/strong> <\/td><td><\/td><td>Wir \u00fcbernehmen die Abwicklung der genehmigten Fahrten direkt mit Ihrer Krankenkasse f\u00fcr Sie<\/td><\/tr><\/tbody><\/table><\/figure>\n\n\n\n<div style=\"height:61px\" aria-hidden=\"true\" class=\"wp-block-spacer\"><\/div>\n\n\n\n<h3 class=\"wp-block-heading has-text-align-center\">Auch f\u00fcr private Fahrten aller Art stehen wir Ihnen jederzeit gerne zur Verf\u00fcgung.<\/h3>\n\n\n\n<h3 class=\"wp-block-heading has-text-align-center\">Unser Ziel ist es, dass Sie sicher und entspannt ankommen \u2013 heute und in Zukunft.<\/h3>\n\n\n\n<div style=\"height:100px\" aria-hidden=\"true\" class=\"wp-block-spacer\"><\/div>\n","protected":false},"excerpt":{"rendered":"<p>Willkommen zum Mietwagen- und Krankentransportunternehmen Silvia Heigl Ihr zuverl\u00e4ssiger Partner f\u00fcr Krankentransporte und Mobilit\u00e4t Wir bringen Sie sicher an Ihr Ziel. Unser Mietwagen- und Krankentransportservice ist darauf spezialisiert, Ihnen den Alltag zu erleichtern \u2013 professionell, p\u00fcnktlich und mit pers\u00f6nlicher Betreuung. Wir bringen Sie sicher an Ihr Ziel.Unser Mietwagen- und Krankentransportservice ist darauf spezialisiert, Ihnen den [&hellip;]<\/p>\n","protected":false},"author":1,"featured_media":0,"parent":0,"menu_order":0,"comment_status":"closed","ping_status":"closed","template":"","meta":{"footnotes":""},"class_list":["post-6","page","type-page","status-publish","hentry"],"_links":{"self":[{"href":"https:\/\/krankentransporte-heigl.de\/index.php?rest_route=\/wp\/v2\/pages\/6","targetHints":{"allow":["GET"]}}],"collection":[{"href":"https:\/\/krankentransporte-heigl.de\/index.php?rest_route=\/wp\/v2\/pages"}],"about":[{"href":"https:\/\/krankentransporte-heigl.de\/index.php?rest_route=\/wp\/v2\/types\/page"}],"author":[{"embeddable":true,"href":"https:\/\/krankentransporte-heigl.de\/index.php?rest_route=\/wp\/v2\/users\/1"}],"replies":[{"embeddable":true,"href":"https:\/\/krankentransporte-heigl.de\/index.php?rest_route=%2Fwp%2Fv2%2Fcomments&post=6"}],"version-history":[{"count":40,"href":"https:\/\/krankentransporte-heigl.de\/index.php?rest_route=\/wp\/v2\/pages\/6\/revisions"}],"predecessor-version":[{"id":149,"href":"https:\/\/krankentransporte-heigl.de\/index.php?rest_route=\/wp\/v2\/pages\/6\/revisions\/149"}],"wp:attachment":[{"href":"https:\/\/krankentransporte-heigl.de\/index.php?rest_route=%2Fwp%2Fv2%2Fmedia&parent=6"}],"curies":[{"name":"wp","href":"https:\/\/api.w.org\/{rel}","templated":true}]}}