{"id":31,"date":"2020-03-15T17:20:39","date_gmt":"2020-03-15T17:20:39","guid":{"rendered":"http:\/\/krankentransporte-heigl.de\/?page_id=31"},"modified":"2026-01-02T08:21:59","modified_gmt":"2026-01-02T08:21:59","slug":"fahrt-bestellen","status":"publish","type":"page","link":"https:\/\/krankentransporte-heigl.de\/?page_id=31","title":{"rendered":"Fahrt beauftragen"},"content":{"rendered":"\n<h3 class=\"wp-block-heading\">Sicher. Zuverl\u00e4ssig. Menschlich.<\/h3>\n\n\n\n<h3 class=\"wp-block-heading\">Ihr Partner f\u00fcr Krankentransporte<\/h3>\n\n\n\n<p>Wenn ein Arztbesuch, eine medizinische Behandlung oder ein Klinikwechsel ansteht, ist ein verl\u00e4sslicher Transport unerl\u00e4sslich. Unser Team sorgt daf\u00fcr, dass Sie oder Ihre Angeh\u00f6rigen sicher, komfortabel und p\u00fcnktlich ankommen.<\/p>\n\n\n\n<h2 class=\"wp-block-heading\" style=\"font-size:20px\"><strong>Unsere Leistungen im \u00dcberblick<\/strong><\/h2>\n\n\n\n<div style=\"height:23px\" aria-hidden=\"true\" class=\"wp-block-spacer\"><\/div>\n\n\n\n<h3 class=\"wp-block-heading\" style=\"font-size:18px\"><strong>\u2713 Krankentransporte mit freundlicher Betreuung<\/strong><\/h3>\n\n\n\n<p>Sitzend oder im Rollstuhl \u2013 wir bieten ma\u00dfgeschneiderte Transportl\u00f6sungen f\u00fcr jede medizinische Anforderung.<\/p>\n\n\n\n<h3 class=\"wp-block-heading\" style=\"font-size:18px\"><strong>\u2713 Transporte zu medizinischen Einrichtungen<\/strong><\/h3>\n\n\n\n<p>Krankenhaus | Arztpraxen | Dialyse | Reha | Therapie<\/p>\n\n\n\n<div style=\"height:50px\" aria-hidden=\"true\" class=\"wp-block-spacer\"><\/div>\n\n\n\n<div class=\"wp-block-media-text is-stacked-on-mobile\" style=\"grid-template-columns:26% auto\"><figure class=\"wp-block-media-text__media\"><img loading=\"lazy\" decoding=\"async\" width=\"1024\" height=\"683\" src=\"http:\/\/krankentransporte-heigl.de\/wp-content\/uploads\/2025\/12\/Designer-1-1024x683.png\" alt=\"\" class=\"wp-image-151 size-full\" srcset=\"https:\/\/krankentransporte-heigl.de\/wp-content\/uploads\/2025\/12\/Designer-1-1024x683.png 1024w, https:\/\/krankentransporte-heigl.de\/wp-content\/uploads\/2025\/12\/Designer-1-300x200.png 300w, https:\/\/krankentransporte-heigl.de\/wp-content\/uploads\/2025\/12\/Designer-1-768x512.png 768w, https:\/\/krankentransporte-heigl.de\/wp-content\/uploads\/2025\/12\/Designer-1.png 1536w\" sizes=\"auto, (max-width: 1024px) 100vw, 1024px\" \/><\/figure><div class=\"wp-block-media-text__content\">\n<p style=\"font-size:26px\"><strong>So beauftragen Sie Ihren Krankentransport<\/strong>:<\/p>\n<\/div><\/div>\n\n\n\n<div style=\"height:70px\" aria-hidden=\"true\" class=\"wp-block-spacer\"><\/div>\n\n\n\n<p style=\"font-size:18px\"><strong>Die Beauftragung ist ganz einfach:<\/strong><br>Rufen Sie uns einfach an oder senden Sie uns eine E-Mail mit Ihrem Anliegen.<\/p>\n\n\n\n<figure class=\"wp-block-table is-style-stripes\" style=\"font-size:18px\"><table class=\"has-fixed-layout\"><tbody><tr><td><strong>E-Mail:<\/strong><\/td><td><a href=\"mailto:Anfrage@krankentransporte-heigl.de\"><strong>Anfrage@krankentransporte-heigl.de<\/strong><\/a><\/td><\/tr><tr><td><strong>Festnetz<\/strong>:<\/td><td><strong><a href=\"tel:4908782978921\">+49(0)8782 97892<\/a><\/strong><\/td><\/tr><tr><td><strong>Mobil<\/strong><\/td><td><strong><a href=\"tel:+491726108898\">+49(0)172 6108898<\/a><\/strong><\/td><\/tr><\/tbody><\/table><\/figure>\n\n\n\n<p style=\"font-size:18px\"><\/p>\n\n\n\n<p><\/p>\n","protected":false},"excerpt":{"rendered":"<p>Sicher. Zuverl\u00e4ssig. Menschlich. Ihr Partner f\u00fcr Krankentransporte Wenn ein Arztbesuch, eine medizinische Behandlung oder ein Klinikwechsel ansteht, ist ein verl\u00e4sslicher Transport unerl\u00e4sslich. Unser Team sorgt daf\u00fcr, dass Sie oder Ihre Angeh\u00f6rigen sicher, komfortabel und p\u00fcnktlich ankommen. Unsere Leistungen im \u00dcberblick \u2713 Krankentransporte mit freundlicher Betreuung Sitzend oder im Rollstuhl \u2013 wir bieten ma\u00dfgeschneiderte Transportl\u00f6sungen f\u00fcr [&hellip;]<\/p>\n","protected":false},"author":1,"featured_media":0,"parent":0,"menu_order":0,"comment_status":"closed","ping_status":"closed","template":"","meta":{"footnotes":""},"class_list":["post-31","page","type-page","status-publish","hentry"],"_links":{"self":[{"href":"https:\/\/krankentransporte-heigl.de\/index.php?rest_route=\/wp\/v2\/pages\/31","targetHints":{"allow":["GET"]}}],"collection":[{"href":"https:\/\/krankentransporte-heigl.de\/index.php?rest_route=\/wp\/v2\/pages"}],"about":[{"href":"https:\/\/krankentransporte-heigl.de\/index.php?rest_route=\/wp\/v2\/types\/page"}],"author":[{"embeddable":true,"href":"https:\/\/krankentransporte-heigl.de\/index.php?rest_route=\/wp\/v2\/users\/1"}],"replies":[{"embeddable":true,"href":"https:\/\/krankentransporte-heigl.de\/index.php?rest_route=%2Fwp%2Fv2%2Fcomments&post=31"}],"version-history":[{"count":43,"href":"https:\/\/krankentransporte-heigl.de\/index.php?rest_route=\/wp\/v2\/pages\/31\/revisions"}],"predecessor-version":[{"id":217,"href":"https:\/\/krankentransporte-heigl.de\/index.php?rest_route=\/wp\/v2\/pages\/31\/revisions\/217"}],"wp:attachment":[{"href":"https:\/\/krankentransporte-heigl.de\/index.php?rest_route=%2Fwp%2Fv2%2Fmedia&parent=31"}],"curies":[{"name":"wp","href":"https:\/\/api.w.org\/{rel}","templated":true}]}}