{"id":13,"date":"2020-03-15T16:39:11","date_gmt":"2020-03-15T16:39:11","guid":{"rendered":"http:\/\/krankentransporte-heigl.de\/?page_id=13"},"modified":"2025-12-17T11:00:54","modified_gmt":"2025-12-17T11:00:54","slug":"krankenkassen","status":"publish","type":"page","link":"https:\/\/krankentransporte-heigl.de\/?page_id=13","title":{"rendered":"Krankenkassen"},"content":{"rendered":"\n<h3 class=\"wp-block-heading\"><strong>Informationen zur Abrechnung und Kosten\u00fcbernahme<\/strong><\/h3>\n\n\n\n<p>Viele medizinisch notwendige Fahrten zu \u00c4rzten oder Kliniken k\u00f6nnen direkt \u00fcber die gesetzlichen Krankenkassen abgerechnet werden. Um Ihnen den Zugang zu diesen Leistungen zu erleichtern, profitieren bestimmte Personengruppen von vereinfachten Regelungen:<\/p>\n\n\n\n<div style=\"height:41px\" aria-hidden=\"true\" class=\"wp-block-spacer\"><\/div>\n\n\n\n<h3 class=\"wp-block-heading\"><strong>Fahrten ohne vorherige Genehmigung:<\/strong><\/h3>\n\n\n\n<div class=\"wp-block-group is-nowrap is-layout-flex wp-container-core-group-is-layout-ad2f72ca wp-block-group-is-layout-flex\">\n<p>Versicherte mit den\u00a0<strong>Pflegegraden 4 und 5<\/strong>\u00a0sowie Personen mit einer Schwerbehinderung und den Merkzeichen\u00a0<strong>\u201eaG\u201c<\/strong>\u00a0(au\u00dfergew\u00f6hnliche Gehbehinderung),\u00a0<strong>\u201eBl\u201c<\/strong>\u00a0(Blindheit) oder\u00a0<strong>\u201eH\u201c<\/strong>\u00a0(Hilflosigkeit) k\u00f6nnen notwendige medizinische Fahrten ohne vorherige Erlaubnis ihrer Krankenkasse in Anspruch nehmen. Die Kostenabrechnung erfolgt im Anschluss direkt mit dem Leistungstr\u00e4ger. <br><strong>Weitere Informationen finden sie auf der Webseite des <\/strong><strong><a href=\"https:\/\/www.gkv-spitzenverband.de\/krankenversicherung\/ambulante_leistungen\/fahrkosten_krankentransport\/fahrkosten_krankentransport.jsp\" data-type=\"link\" data-id=\"https:\/\/www.gkv-spitzenverband.de\/krankenversicherung\/ambulante_leistungen\/fahrkosten_krankentransport\/fahrkosten_krankentransport.jsp\" target=\"_blank\" rel=\"noreferrer noopener\">GKV-Spitzenverband<\/a>.<\/strong><\/p>\n\n\n\n<figure class=\"wp-block-image size-large is-style-default\"><img loading=\"lazy\" decoding=\"async\" width=\"1024\" height=\"682\" src=\"http:\/\/krankentransporte-heigl.de\/wp-content\/uploads\/2020\/03\/sick-card-491713_1280-1024x682.jpg\" alt=\"\" class=\"wp-image-23\" srcset=\"https:\/\/krankentransporte-heigl.de\/wp-content\/uploads\/2020\/03\/sick-card-491713_1280-1024x682.jpg 1024w, https:\/\/krankentransporte-heigl.de\/wp-content\/uploads\/2020\/03\/sick-card-491713_1280-300x200.jpg 300w, https:\/\/krankentransporte-heigl.de\/wp-content\/uploads\/2020\/03\/sick-card-491713_1280-768x512.jpg 768w, https:\/\/krankentransporte-heigl.de\/wp-content\/uploads\/2020\/03\/sick-card-491713_1280.jpg 1280w\" sizes=\"auto, (max-width: 1024px) 100vw, 1024px\" \/><\/figure>\n<\/div>\n\n\n\n<h3 class=\"wp-block-heading\"><strong>Unser Service f\u00fcr Sie:<\/strong><\/h3>\n\n\n\n<p>Das Thema Fahrtkosten\u00fcbernahme kann komplex sein. Wir unterst\u00fctzen Sie gerne bei allen Fragen rund um die Abrechnung und die notwendigen Voraussetzungen. Sprechen Sie uns einfach an!<\/p>\n\n\n\n<p><\/p>\n","protected":false},"excerpt":{"rendered":"<p>Informationen zur Abrechnung und Kosten\u00fcbernahme Viele medizinisch notwendige Fahrten zu \u00c4rzten oder Kliniken k\u00f6nnen direkt \u00fcber die gesetzlichen Krankenkassen abgerechnet werden. Um Ihnen den Zugang zu diesen Leistungen zu erleichtern, profitieren bestimmte Personengruppen von vereinfachten Regelungen: Fahrten ohne vorherige Genehmigung: Versicherte mit den\u00a0Pflegegraden 4 und 5\u00a0sowie Personen mit einer Schwerbehinderung und den Merkzeichen\u00a0\u201eaG\u201c\u00a0(au\u00dfergew\u00f6hnliche Gehbehinderung),\u00a0\u201eBl\u201c\u00a0(Blindheit) oder\u00a0\u201eH\u201c\u00a0(Hilflosigkeit) [&hellip;]<\/p>\n","protected":false},"author":1,"featured_media":0,"parent":0,"menu_order":0,"comment_status":"closed","ping_status":"closed","template":"","meta":{"footnotes":""},"class_list":["post-13","page","type-page","status-publish","hentry"],"_links":{"self":[{"href":"https:\/\/krankentransporte-heigl.de\/index.php?rest_route=\/wp\/v2\/pages\/13","targetHints":{"allow":["GET"]}}],"collection":[{"href":"https:\/\/krankentransporte-heigl.de\/index.php?rest_route=\/wp\/v2\/pages"}],"about":[{"href":"https:\/\/krankentransporte-heigl.de\/index.php?rest_route=\/wp\/v2\/types\/page"}],"author":[{"embeddable":true,"href":"https:\/\/krankentransporte-heigl.de\/index.php?rest_route=\/wp\/v2\/users\/1"}],"replies":[{"embeddable":true,"href":"https:\/\/krankentransporte-heigl.de\/index.php?rest_route=%2Fwp%2Fv2%2Fcomments&post=13"}],"version-history":[{"count":30,"href":"https:\/\/krankentransporte-heigl.de\/index.php?rest_route=\/wp\/v2\/pages\/13\/revisions"}],"predecessor-version":[{"id":203,"href":"https:\/\/krankentransporte-heigl.de\/index.php?rest_route=\/wp\/v2\/pages\/13\/revisions\/203"}],"wp:attachment":[{"href":"https:\/\/krankentransporte-heigl.de\/index.php?rest_route=%2Fwp%2Fv2%2Fmedia&parent=13"}],"curies":[{"name":"wp","href":"https:\/\/api.w.org\/{rel}","templated":true}]}}